{"id":495,"date":"2014-06-10T16:56:22","date_gmt":"2014-06-10T19:56:22","guid":{"rendered":"http:\/\/www.archivosrevista.com.ar.ca1.toservers.com\/contenido\/?page_id=495"},"modified":"2015-12-26T11:19:10","modified_gmt":"2015-12-26T14:19:10","slug":"numero-4","status":"publish","type":"page","link":"https:\/\/www.archivosrevista.com.ar\/contenido\/https-www-archivosrevista-com-ar-numeros\/numero-4\/","title":{"rendered":"N\u00famero 4"},"content":{"rendered":"<p><strong><a href=\"http:\/\/www.archivosrevista.com.ar.ca1.toservers.com\/contenido\/wp-content\/uploads\/2014\/05\/Indice-con-resumenes.pdf\">Ver res\u00famenes de todos los art\u00edculos del n\u00famero 4<\/a><\/strong><\/p>\n<p><a href=\"http:\/\/www.archivosrevista.com.ar.ca1.toservers.com\/contenido\/wp-content\/uploads\/2014\/06\/Presentacion.pdf\">Presentaci\u00f3n<\/a><\/p>\n<p><strong>Dossier:<\/strong>\u00a0<strong>\u201cDel Cordobazo al clasismo:\u00a0protesta obrera y alternativas culturales\u201d<\/strong><\/p>\n<p><a href=\"http:\/\/www.archivosrevista.com.ar.ca1.toservers.com\/contenido\/wp-content\/uploads\/2014\/06\/Mestman.pdf\">Opciones visuales en torno a la protesta obrera.\u00a0De La hora de los hornos (1968) a Los traidores (1973),<\/a><br \/>\n<a href=\"http:\/\/www.archivosrevista.com.ar.ca1.toservers.com\/contenido\/wp-content\/uploads\/2014\/06\/Mestman.pdf\"> por Mariano Mestman<\/a><\/p>\n<p><a href=\"http:\/\/www.archivosrevista.com.ar.ca1.toservers.com\/contenido\/wp-content\/uploads\/2014\/06\/Mangiantini.pdf\">Clase y partido. Surgimiento, proletarizaci\u00f3n y militancia fabril del PRT-La Verdad (1968-1972),<\/a><br \/>\n<a href=\"http:\/\/www.archivosrevista.com.ar.ca1.toservers.com\/contenido\/wp-content\/uploads\/2014\/06\/Mangiantini.pdf\"> por Mart\u00edn Mangiantini<\/a><\/p>\n<p><a href=\"http:\/\/www.archivosrevista.com.ar.ca1.toservers.com\/contenido\/wp-content\/uploads\/2014\/06\/Celentano.pdf\">Insurrecci\u00f3n obrera y compromiso intelectual. Los Libros y Cristianismo y Revoluci\u00f3n frente al Cordobazo y el Viborazo,<\/a><br \/>\n<a href=\"http:\/\/www.archivosrevista.com.ar.ca1.toservers.com\/contenido\/wp-content\/uploads\/2014\/06\/Celentano.pdf\"> por Adri\u00e1n Celentano<\/a><\/p>\n<p><a href=\"http:\/\/www.archivosrevista.com.ar.ca1.toservers.com\/contenido\/wp-content\/uploads\/2014\/06\/Mignon.pdf\">Insubordinaci\u00f3n obrera en C\u00f3rdoba. Las \u201chuelgas salvajes\u201d de 1970-1971 en la industria metalmec\u00e1nica y la experiencia del Sitrac clasista,<\/a><br \/>\n<a href=\"http:\/\/www.archivosrevista.com.ar.ca1.toservers.com\/contenido\/wp-content\/uploads\/2014\/06\/Mignon.pdf\"> por Carlos G. Mignon<\/a><\/p>\n<p><strong>Art\u00edculos<\/strong><\/p>\n<p><a href=\"http:\/\/www.archivosrevista.com.ar.ca1.toservers.com\/contenido\/wp-content\/uploads\/2014\/06\/Lopez-Cantera.pdf\">Criminalizar al rojo. La represi\u00f3n al movimiento obrero\u00a0en los informes de 1934 sobre la Secci\u00f3n Especial,<\/a><br \/>\n<a href=\"http:\/\/www.archivosrevista.com.ar.ca1.toservers.com\/contenido\/wp-content\/uploads\/2014\/06\/Lopez-Cantera.pdf\"> por Mercedes F. L\u00f3pez Cantera<\/a><\/p>\n<p><a href=\"http:\/\/www.archivosrevista.com.ar.ca1.toservers.com\/contenido\/wp-content\/uploads\/2014\/06\/Ullivarri.pdf\">Del sindicato a la central obrera en una trayectoria de provincia: Tucum\u00e1n en los a\u00f1os 30,<\/a><br \/>\n<a href=\"http:\/\/www.archivosrevista.com.ar.ca1.toservers.com\/contenido\/wp-content\/uploads\/2014\/06\/Ullivarri.pdf\"> por Mar\u00eda Ullivarri<\/a><\/p>\n<p><strong>Perfiles<\/strong><\/p>\n<p><a href=\"http:\/\/www.archivosrevista.com.ar.ca1.toservers.com\/contenido\/wp-content\/uploads\/2014\/06\/Perfil-Broue.pdf\">Pierre Brou\u00e9 (1926-2005). Historiador del trotskismo y las revoluciones del siglo XX,<\/a><br \/>\n<a href=\"http:\/\/www.archivosrevista.com.ar.ca1.toservers.com\/contenido\/wp-content\/uploads\/2014\/06\/Perfil-Broue.pdf\"> por Alicia Rojo<\/a><\/p>\n<p><strong><a href=\"http:\/\/www.archivosrevista.com.ar.ca1.toservers.com\/contenido\/wp-content\/uploads\/2014\/06\/Critica-de-libros.pdf\">Cr\u00edtica de libros<\/a><\/strong><\/p>\n<p>El Partido Comunista de Argentina y la III Internacional. La misi\u00f3n de Williams y los or\u00edgenes del penelonismo (Lazar S. Jeifets y Victor L. Jeifets),<br \/>\npor Hern\u00e1n Camarero<\/p>\n<p>Tucumanazos. Una huella hist\u00f3rica de luchas populares: 1969-1972 (Silvia Nassif),<br \/>\npor Alejandro Jasinski<\/p>\n<p>Cultura de clase. Radio y cine en la creaci\u00f3n de una Argentina dividida, 1920-1946 (Matthew Karush),<br \/>\npor Federico Martocci<\/p>\n<p>Algo parecido a la felicidad. Una historia de la lucha de la clase trabajadora durante la d\u00e9cada del setenta, 1973-1978 (Federico Lorenz),<br \/>\npor Leandro Molinaro<\/p>\n<p>Los Montoneros del barrio (Javier Salcedo),<br \/>\npor Esteban Campos<\/p>\n<p>El hombre que amaba a los perros (Leonardo Padura),<br \/>\npor Walter L. Koppmann<\/p>\n<p>Patagonia. Con\ufb02ictividad social y neoliberalismo. El noroeste de Chubut, 1990-2005 (Gonzalo P\u00e9rez \u00c1lvarez),<br \/>\npor Antonio Oliva<\/p>\n","protected":false},"excerpt":{"rendered":"<p>Ver res\u00famenes de todos los art\u00edculos del n\u00famero 4 Presentaci\u00f3n Dossier:\u00a0\u201cDel Cordobazo al clasismo:\u00a0protesta obrera y alternativas culturales\u201d Opciones visuales en torno a la protesta obrera.\u00a0De La hora de los hornos (1968) a Los traidores (1973), por Mariano Mestman Clase y partido. Surgimiento, proletarizaci\u00f3n y militancia fabril del PRT-La Verdad (1968-1972), por Mart\u00edn Mangiantini Insurrecci\u00f3n obrera y compromiso intelectual. Los Libros y Cristianismo y Revoluci\u00f3n frente al Cordobazo y el Viborazo, por Adri\u00e1n Celentano Insubordinaci\u00f3n obrera en C\u00f3rdoba. Las \u201chuelgas salvajes\u201d de 1970-1971 en la industria metalmec\u00e1nica y la experiencia del Sitrac clasista, por Carlos G. Mignon Art\u00edculos Criminalizar al rojo. La represi\u00f3n al movimiento obrero\u00a0en los informes de 1934 sobre la Secci\u00f3n Especial, por Mercedes F. L\u00f3pez Cantera Del sindicato a la central obrera en una trayectoria de provincia: Tucum\u00e1n en los a\u00f1os 30, por Mar\u00eda Ullivarri Perfiles Pierre Brou\u00e9 (1926-2005). Historiador del trotskismo y las revoluciones del siglo XX, por Alicia Rojo Cr\u00edtica de libros El Partido Comunista de Argentina y la III Internacional. La misi\u00f3n de Williams y los or\u00edgenes del penelonismo (Lazar S. Jeifets y Victor L. Jeifets), por Hern\u00e1n Camarero Tucumanazos. Una huella hist\u00f3rica de luchas populares: 1969-1972 (Silvia Nassif), por Alejandro Jasinski Cultura de clase. Radio y cine en la creaci\u00f3n de una Argentina dividida, 1920-1946 (Matthew Karush), por Federico Martocci Algo parecido a la felicidad. Una historia de la lucha de la clase trabajadora durante la d\u00e9cada del setenta, 1973-1978 (Federico Lorenz), por Leandro Molinaro Los Montoneros del barrio (Javier Salcedo), por Esteban Campos El hombre que amaba a los perros (Leonardo Padura), por Walter L. Koppmann Patagonia. Con\ufb02ictividad social y neoliberalismo. El noroeste de Chubut, 1990-2005 (Gonzalo P\u00e9rez \u00c1lvarez), por Antonio Oliva<\/p>\n","protected":false},"author":1,"featured_media":0,"parent":29,"menu_order":0,"comment_status":"closed","ping_status":"open","template":"","meta":{"spay_email":""},"jetpack_sharing_enabled":true,"jetpack_shortlink":"https:\/\/wp.me\/P5oi02-7Z","_links":{"self":[{"href":"https:\/\/www.archivosrevista.com.ar\/contenido\/wp-json\/wp\/v2\/pages\/495"}],"collection":[{"href":"https:\/\/www.archivosrevista.com.ar\/contenido\/wp-json\/wp\/v2\/pages"}],"about":[{"href":"https:\/\/www.archivosrevista.com.ar\/contenido\/wp-json\/wp\/v2\/types\/page"}],"author":[{"embeddable":true,"href":"https:\/\/www.archivosrevista.com.ar\/contenido\/wp-json\/wp\/v2\/users\/1"}],"replies":[{"embeddable":true,"href":"https:\/\/www.archivosrevista.com.ar\/contenido\/wp-json\/wp\/v2\/comments?post=495"}],"version-history":[{"count":3,"href":"https:\/\/www.archivosrevista.com.ar\/contenido\/wp-json\/wp\/v2\/pages\/495\/revisions"}],"predecessor-version":[{"id":844,"href":"https:\/\/www.archivosrevista.com.ar\/contenido\/wp-json\/wp\/v2\/pages\/495\/revisions\/844"}],"up":[{"embeddable":true,"href":"https:\/\/www.archivosrevista.com.ar\/contenido\/wp-json\/wp\/v2\/pages\/29"}],"wp:attachment":[{"href":"https:\/\/www.archivosrevista.com.ar\/contenido\/wp-json\/wp\/v2\/media?parent=495"}],"curies":[{"name":"wp","href":"https:\/\/api.w.org\/{rel}","templated":true}]}}